{"id":5,"date":"2010-05-12T21:53:03","date_gmt":"2010-05-12T19:53:03","guid":{"rendered":"http:\/\/fooblog.de\/index.php?page_id=2"},"modified":"2026-04-28T14:43:31","modified_gmt":"2026-04-28T12:43:31","slug":"about-2","status":"publish","type":"page","link":"https:\/\/fooblog.de\/?page_id=5","title":{"rendered":"Impressum"},"content":{"rendered":"<p><strong>Impressum \/ Anbieterkennzeichnung nach \u00a7 6 TDG<\/strong><\/p>\n<p>Anbieter und verantwortlich f\u00fcr diese Internet-Domain im Sinne des \u00a7 6 des Gesetzes \u00fcber die Nutzung von Telediensten (TDG) des Gesetzes zur Regelung der Rahmenbedingungen f\u00fcr Informations-\u00a0und Kommunikationsdienste (IuKDG), und bez\u00fcglich redaktioneller Inhalte des Presserechts, sowie des \u00a7 6 II des Staatsvertrages \u00fcber Mediendienste (MDStV):<\/p>\n<p><strong>Steffen Besemer\u00a0<\/strong><\/p>\n<p>M\u00f6rikestrasse 7<br \/>\n73235 Weilheim \/ Teck<br \/>\nmail (at) fooblog.de<\/p>\n<p>Haftungshinweis: Trotz sorgf\u00e4ltiger inhaltlicher Kontrolle \u00fcbernehmen wir keine Haftung f\u00fcr die Inhalte externer Links. F\u00fcr den Inhalt der verlinkten Seiten sind ausschlie\u00dflich deren Betreiber verantwortlich.<\/p>\n","protected":false},"excerpt":{"rendered":"<p>Impressum \/ Anbieterkennzeichnung nach \u00a7 6 TDG Anbieter und verantwortlich f\u00fcr diese Internet-Domain im Sinne des \u00a7 6 des Gesetzes \u00fcber die Nutzung von Telediensten (TDG) des Gesetzes zur Regelung der Rahmenbedingungen f\u00fcr Informations-\u00a0und Kommunikationsdienste (IuKDG), und bez\u00fcglich redaktioneller Inhalte des Presserechts, sowie des \u00a7 6 II des Staatsvertrages \u00fcber Mediendienste (MDStV): Steffen Besemer\u00a0 M\u00f6rikestrasse [&hellip;]<\/p>\n","protected":false},"author":1,"featured_media":0,"parent":0,"menu_order":6,"comment_status":"closed","ping_status":"open","template":"","meta":{"footnotes":""},"class_list":["post-5","page","type-page","status-publish","hentry"],"jetpack_shortlink":"https:\/\/wp.me\/P8lQ5d-5","jetpack_sharing_enabled":true,"_links":{"self":[{"href":"https:\/\/fooblog.de\/index.php?rest_route=\/wp\/v2\/pages\/5","targetHints":{"allow":["GET"]}}],"collection":[{"href":"https:\/\/fooblog.de\/index.php?rest_route=\/wp\/v2\/pages"}],"about":[{"href":"https:\/\/fooblog.de\/index.php?rest_route=\/wp\/v2\/types\/page"}],"author":[{"embeddable":true,"href":"https:\/\/fooblog.de\/index.php?rest_route=\/wp\/v2\/users\/1"}],"replies":[{"embeddable":true,"href":"https:\/\/fooblog.de\/index.php?rest_route=%2Fwp%2Fv2%2Fcomments&post=5"}],"version-history":[{"count":6,"href":"https:\/\/fooblog.de\/index.php?rest_route=\/wp\/v2\/pages\/5\/revisions"}],"predecessor-version":[{"id":11314,"href":"https:\/\/fooblog.de\/index.php?rest_route=\/wp\/v2\/pages\/5\/revisions\/11314"}],"wp:attachment":[{"href":"https:\/\/fooblog.de\/index.php?rest_route=%2Fwp%2Fv2%2Fmedia&parent=5"}],"curies":[{"name":"wp","href":"https:\/\/api.w.org\/{rel}","templated":true}]}}