{"id":3459,"date":"2015-09-17T15:16:19","date_gmt":"2015-09-17T13:16:19","guid":{"rendered":"http:\/\/fooblog.de\/?page_id=3459"},"modified":"2023-08-06T17:53:47","modified_gmt":"2023-08-06T15:53:47","slug":"unfertig-f3b-links","status":"publish","type":"page","link":"https:\/\/fooblog.de\/?page_id=3459","title":{"rendered":"F3B IM WWW"},"content":{"rendered":"<h2>F3B im WWW<\/h2>\n<p><strong>Wettbewerbsbetrieb <\/strong><\/p>\n<p><a href=\"http:\/\/www.modellflugimdaec.de\/f3-fernlenkflug\/f3-segelflug\/f3b-multi-disziplin-segelflug-mit-windenstart\/\" target=\"_blank\" rel=\"noopener noreferrer\">DaeC &#8211; F3B &#8211; Termine, Rangliste, sonstige wichtige Infos<\/a><\/p>\n<p><a href=\"https:\/\/www.mfsd.de\" target=\"_blank\" rel=\"noopener\">MFSD &#8211; Modellflugsportverband Deutschland e.V. mit Modellflugregeln<\/a><\/p>\n<p><a href=\"https:\/\/www.facebook.com\/f3bde\/\" target=\"_blank\" rel=\"noopener\">F3B.de bei Facebook &#8211; Wettbewerbsplattform &#8211; aktuelle Ergebnisse und liveticker\u00a0<\/a><\/p>\n<p><a href=\"http:\/\/www.F3B.de\" target=\"_blank\" rel=\"noopener\">F3B.de &#8211; allgemeine Wettbewerbsplattform\u00a0<\/a><\/p>\n<p><a href=\"https:\/\/mg-airsports.eu\/competition-registration\/f3b\" target=\"_blank\" rel=\"noopener\">Anmeldung f\u00fcr F3B Wettbewerbe &#8211; MG-Airsports<\/a><\/p>\n<p><a href=\"http:\/\/www.fai.org\/world-cups\/f3b-radio-control-soaring\" target=\"_blank\" rel=\"noopener\">F3B &#8211; FAI Rangliste, Veranstaltungskalender und World Cup Ranking<\/a><\/p>\n<p><a href=\"https:\/\/www.contest-eurotour.com\/category-f3b\/\" target=\"_blank\" rel=\"noopener\">F3B &#8211; CONTEST Rangliste, Veranstaltungskalender und Eurotour Ranking<\/a><\/p>\n<p><a href=\"https:\/\/www.contest-eurotour.com\/category-f3b\/\" target=\"_blank\" rel=\"noopener\">F3B &#8211; Alle F3B Contest Gewinner der letzten Jahre <\/a><\/p>\n<p><a href=\"https:\/\/f3xvault.com\/?action=event&amp;function=event_view&amp;event_id=2889&amp;tab=\" target=\"_blank\" rel=\"noopener noreferrer\">f3xvault.com\u00a0&#8211; F3B-Wettbewerbsergebnisse online und mehr<\/a><\/p>\n<p><strong>teamseiten \/ blogs<\/strong><br \/>\n<a href=\"https:\/\/lomcovak.cz\" target=\"_blank\" rel=\"noopener\">F3B team lomcovak (=&gt; Roman Voijtech )<\/a><br \/>\n<a href=\"http:\/\/f3-zone.blogspot.de\/\">F3B team Kulmbach (=&gt; Christian Fiedler ) http:\/\/f3-zone.blogspot.de\/ <\/a><br \/>\n<a href=\"https:\/\/fooblog.de\/\">F3B team foo &#8211; auf der Seite bist Du gerade \ud83d\ude42 ( =&gt; Steffen Besemer ) https:\/\/fooblog.de\/ <\/a><br \/>\nF3B in \u00d6sterreich<br \/>\n<a href=\"http:\/\/f3bathome.blogspot.de\/\">F3B at home (=&gt; Sergi Valls ) http:\/\/f3bathome.blogspot.de\/ <\/a><br \/>\n<a href=\"http:\/\/f3b-uk.blogspot.co.uk\">F3B in England &#8211; http:\/\/f3b-uk.blogspot.co.uk<\/a><\/p>\n<p><a href=\"http:\/\/www.f3b-sports.eu\/archiv\/\" target=\"_blank\" rel=\"noopener\">f3b-sports.eu Berichte von Thomas Dylla zwischen 2015 und 2018<\/a><\/p>\n<p><strong>F3B in Foren<\/strong><br \/>\n<a href=\"http:\/\/www.rcgroups.com\/multi-task-f3x-486\/\" target=\"_blank\" rel=\"noopener\">RCgroups ( english ) <\/a><br \/>\n<a href=\"http:\/\/www.f3news.fr\/c1-the-forum-f3b\" target=\"_blank\" rel=\"noopener\">F3news ( francais ) <\/a><br \/>\n<a href=\"http:\/\/www.rc-network.de\/forum\/forumdisplay.php\/66-F3B-F3F-und-F3J-Segelflug\" target=\"_blank\" rel=\"noopener\">rc-network ( deutsch )<\/a><\/p>\n<p><strong>Modelle <\/strong><br \/>\n<a href=\"http:\/\/f3-zone.blogspot.de\/p\/f3b-modelle.html\">F3B &#8211; Modelle aktuell &#8211; f3-zone.blogspot.de<\/a><br \/>\n<a href=\"http:\/\/www.aerodesign.de\/modelle\/3S_F3B.htm\">F3B &#8211; gro\u00dfe Sammlung \u00fcber die Jahre von F3B &#8211; Modellen mit 3-Seitenansichten &#8211; www.aerodesign.de<\/a><\/p>\n<p><strong>Selbstbau &#8211; Seiten zum Schm\u00f6kern f\u00fcr den interessierten Bastler und T\u00fcftler<\/strong><br \/>\n<a href=\"https:\/\/spline.dk\/index.html\" target=\"_blank\" rel=\"noopener\">F3B-Modell spline &#8211; www.spline.dk<\/a><br \/>\n<a href=\"http:\/\/www.f3news.fr\/t6433-en-preparation-chez-nous-projet-de-monotype-f3b-beep-beep\" target=\"_blank\" rel=\"noopener\">F3B-Modell beep beep &#8211; http:\/\/www.f3news.fr\/t6433-en-preparation-chez-nous-projet-de-monotype-f3b-beep-beep<\/a><br \/>\n<a href=\"http:\/\/www.rc-network.de\/forum\/showthread.php\/556106-Energija-V2-Selbstbau\" target=\"_blank\" rel=\"noopener\">F3B\/F3F-Modell Energija 2 \/ Energija 5 &#8211; http:\/\/www.rc-network.de\/forum\/showthread.php\/556106-Energija-V2-Selbstbau<\/a><br \/>\n<a href=\"http:\/\/www.jw-air.de\/HIGHLANDER.htm\" target=\"_blank\" rel=\"noopener\">F3F-Modell Highlander &#8211; http:\/\/www.jw-air.de\/HIGHLANDER.htm<\/a><br \/>\n<a href=\"http:\/\/www.rc-network.de\/forum\/showthread.php\/512323-Projekt-THOR-F3f-F3b\" target=\"_blank\" rel=\"noopener\">F3F-Modell Thor &#8211; http:\/\/www.rc-network.de\/forum\/showthread.php\/512323-Projekt-THOR-F3f-F3b<\/a><br \/>\n<a href=\"http:\/\/www.formenzauber.de\/Baukasten.html\" target=\"_blank\" rel=\"noopener\">website von Sven Hollenbeck, F3B-Pilot und Energija-Konstrukteur &#8211; http:\/\/www.formenzauber.de\/Baukasten.html<\/a><br \/>\n<a href=\"http:\/\/www.f3f.eu\" target=\"_blank\" rel=\"noopener\">website von Mario Perner, F3F-Pilot und Thor-Konstrukteur &#8211; http:\/\/www.f3f.eu<\/a><\/p>\n<p><strong>Archiviertes<\/strong><\/p>\n<p><a href=\"http:\/\/www.f3b-sports.eu\/weltmeisterschaften\/\" target=\"_blank\" rel=\"noopener\">Auflistung F3B Weltmeisterschaften von Thomas Dylla mit Ergebnissen der letzten Jahrzehnte\u00a0<\/a><\/p>\n<p><a href=\"http:\/\/www.joelwagner.de\/f3b-zeit-strecke-speed\/\" target=\"_blank\" rel=\"noopener\">F3B-Stimmung super eingefangen, 2013 in L\u00fcnen (deutsch) <\/a><br \/>\n<a href=\"http:\/\/www.mcm-muenchen.de\/index.php\/oktoberfestpokal\/archiv\" target=\"_blank\" rel=\"noopener\">F3B-Lekt\u00fcre: MCM-Magazine (deutsch) <\/a><br \/>\n<a href=\"http:\/\/www.rcgroups.com\/forums\/showthread.php?t=1315244\" target=\"_blank\" rel=\"noopener\">F3B-Geschichte &#8211; Sammlung auf RCgroups ( english ) <\/a><br \/>\n<a href=\"http:\/\/www.rcgroups.com\/forums\/showthread.php?t=1374959\" target=\"_blank\" rel=\"noopener\">F3B-FAQ &#8211; gesammelte Fragen und Antworten zum Thema ( english ) <\/a><br \/>\n<a href=\"http:\/\/www.youtube.com\/user\/Benchmark67\/videos\" target=\"_blank\" rel=\"noopener\">Filme: David Olsons youtube-Kanal (english) &#8211; https:\/\/www.youtube.com\/user\/Benchmark67\/videos<\/a><br \/>\n<a href=\"https:\/\/fooblog.de\/?p=6163\" target=\"_blank\" rel=\"noopener\">linksammlung zur 2017er WM und teams <\/a> auf dem fooblog<\/p>\n<p><a data-flickr-embed='true' href='https:\/\/www.flickr.com\/photos\/airsports_fai\/sets\/72157657155175545' title='2015 FAI F3B World Championship for Model Gliders by FAI - World Air Sports Federation, on Flickr'><img data-recalc-dims=\"1\" src=\"https:\/\/i0.wp.com\/live.staticflickr.com\/567\/19892577853_14e5622ac0.jpg?resize=620%2C465&#038;ssl=1\" width=\"620\" height=\"465\" alt='2015 FAI F3B World Championship for Model Gliders'><\/a><script async src='https:\/\/embedr.flickr.com\/assets\/client-code.js' charset='utf-8'><\/script><br \/>\nklick aufs Bild: Galerie von der 2015er F3B-WM<\/p>\n<p>letztes update 08-2023 (Steffen)<\/p>\n","protected":false},"excerpt":{"rendered":"<p>F3B im WWW Wettbewerbsbetrieb DaeC &#8211; F3B &#8211; Termine, Rangliste, sonstige wichtige Infos MFSD &#8211; Modellflugsportverband Deutschland e.V. mit Modellflugregeln F3B.de bei Facebook &#8211; Wettbewerbsplattform &#8211; aktuelle Ergebnisse und liveticker\u00a0 F3B.de &#8211; allgemeine Wettbewerbsplattform\u00a0 Anmeldung f\u00fcr F3B Wettbewerbe &#8211; MG-Airsports F3B &#8211; FAI Rangliste, Veranstaltungskalender und World Cup Ranking F3B &#8211; CONTEST Rangliste, Veranstaltungskalender und [&hellip;]<\/p>\n","protected":false},"author":2,"featured_media":0,"parent":0,"menu_order":0,"comment_status":"closed","ping_status":"open","template":"","meta":{"footnotes":""},"class_list":["post-3459","page","type-page","status-publish","hentry"],"jetpack_shortlink":"https:\/\/wp.me\/P8lQ5d-TN","jetpack_sharing_enabled":true,"_links":{"self":[{"href":"https:\/\/fooblog.de\/index.php?rest_route=\/wp\/v2\/pages\/3459","targetHints":{"allow":["GET"]}}],"collection":[{"href":"https:\/\/fooblog.de\/index.php?rest_route=\/wp\/v2\/pages"}],"about":[{"href":"https:\/\/fooblog.de\/index.php?rest_route=\/wp\/v2\/types\/page"}],"author":[{"embeddable":true,"href":"https:\/\/fooblog.de\/index.php?rest_route=\/wp\/v2\/users\/2"}],"replies":[{"embeddable":true,"href":"https:\/\/fooblog.de\/index.php?rest_route=%2Fwp%2Fv2%2Fcomments&post=3459"}],"version-history":[{"count":105,"href":"https:\/\/fooblog.de\/index.php?rest_route=\/wp\/v2\/pages\/3459\/revisions"}],"predecessor-version":[{"id":9714,"href":"https:\/\/fooblog.de\/index.php?rest_route=\/wp\/v2\/pages\/3459\/revisions\/9714"}],"wp:attachment":[{"href":"https:\/\/fooblog.de\/index.php?rest_route=%2Fwp%2Fv2%2Fmedia&parent=3459"}],"curies":[{"name":"wp","href":"https:\/\/api.w.org\/{rel}","templated":true}]}}